{"id":168,"date":"2019-06-23T16:25:50","date_gmt":"2019-06-23T16:25:50","guid":{"rendered":"https:\/\/www.corinversac.com\/?page_id=168"},"modified":"2021-06-15T23:46:26","modified_gmt":"2021-06-15T23:46:26","slug":"quienes-somos-2","status":"publish","type":"page","link":"https:\/\/www.corinversac.com\/?page_id=168","title":{"rendered":"QUIENES SOMOS"},"content":{"rendered":"<p>[et_pb_section fb_built=\u00bb1&#8243; next_background_color=\u00bb#f7f7f7&#8243; _builder_version=\u00bb3.25.1&#8243; background_image=\u00bbhttps:\/\/www.corinversac.com\/wp-content\/uploads\/2019\/06\/quienes-somosfondo.jpg\u00bb parallax=\u00bbon\u00bb parallax_method=\u00bboff\u00bb custom_padding=\u00bb106px||101px|||\u00bb bottom_divider_style=\u00bbslant2&#8243; bottom_divider_height=\u00bb49px\u00bb][et_pb_row column_structure=\u00bb1_5,3_5,1_5&#8243; use_custom_gutter=\u00bbon\u00bb gutter_width=\u00bb1&#8243; _builder_version=\u00bb3.25.1&#8243; width=\u00bb100%\u00bb max_width=\u00bb1738px\u00bb][et_pb_column type=\u00bb1_5&#8243; _builder_version=\u00bb3.25.1&#8243;][\/et_pb_column][et_pb_column type=\u00bb3_5&#8243; _builder_version=\u00bb3.25.1&#8243;][et_pb_text _builder_version=\u00bb4.9.4&#8243; text_font=\u00bbDosis||||||||\u00bb text_font_size=\u00bb27px\u00bb custom_padding=\u00bb|||19px||\u00bb hover_enabled=\u00bb0&#8243; sticky_enabled=\u00bb0&#8243;]<\/p>\n<h1 style=\"text-align: center;\"><span style=\"color: #ffffff; font-size: 45px; font-weight: bold;\">QUIENES SOMOS<\/span><\/h1>\n<p>[\/et_pb_text][\/et_pb_column][et_pb_column type=\u00bb1_5&#8243; _builder_version=\u00bb3.25.1&#8243;][\/et_pb_column][\/et_pb_row][\/et_pb_section][et_pb_section fb_built=\u00bb1&#8243; _builder_version=\u00bb3.25.1&#8243; background_color=\u00bb#f7f7f7&#8243; custom_margin=\u00bb||-1px|||\u00bb custom_padding=\u00bb||17px|||\u00bb bottom_divider_style=\u00bbwaves\u00bb bottom_divider_color=\u00bb#333333&#8243; bottom_divider_height=\u00bb34px\u00bb bottom_divider_arrangement=\u00bbabove_content\u00bb][et_pb_row column_structure=\u00bb1_2,1_2&#8243; _builder_version=\u00bb3.25.1&#8243; animation_style=\u00bbflip\u00bb][et_pb_column type=\u00bb1_2&#8243; _builder_version=\u00bb3.25.1&#8243;][et_pb_text _builder_version=\u00bb3.27.4&#8243; custom_padding=\u00bb|||14px||\u00bb]<\/p>\n<h1><strong>NUESTRA HISTORIA<\/strong><\/h1>\n<p>[\/et_pb_text][et_pb_text _builder_version=\u00bb3.27.4&#8243; custom_margin=\u00bb-8px|||||\u00bb custom_padding=\u00bb|||15px||\u00bb inline_fonts=\u00bbDosis\u00bb]<\/p>\n<p style=\"text-align: justify;\"><span style=\"font-family: Dosis; font-weight: normal; color: #000000; font-size: medium;\">Corinversac naci\u00f3 bajo el nombre de Corporaci\u00f3n Expo Muebles &amp; Decoraciones S.A.C el 20 agosto de 2010 bajo un enfoque de empresa familiar y de capital peruano cuya actividad principal era la administraci\u00f3n de centros comerciales dedicados a la venta de muebles en Santa Clara y San Juan de Lurigancho.<\/span><\/p>\n<p style=\"text-align: justify;\"><span style=\"font-family: Dosis; font-weight: normal; color: #000000; font-size: medium;\">En el 2014 ingresamos en el registro OSCE (Organismo Supervisor de las Contrataciones del Estado) como parte de nuestra estrategia de expansi\u00f3n para ampliar nuestra cartera de servicios, ofreciendo bienes muebles.<\/span><\/p>\n<p style=\"text-align: justify;\"><span style=\"font-family: Dosis; font-weight: normal; color: #000000; font-size: medium;\">A partir del 2018 decidimos ampliar nuestro campo de acci\u00f3n, brindando servicios generales, infraestructurales y log\u00edsticos tanto a empresas como a hogares.<\/span><\/p>\n<p>[\/et_pb_text][et_pb_toggle title=\u00bbMISI\u00d3N\u00bb closed_toggle_text_color=\u00bb#ffffff\u00bb closed_toggle_background_color=\u00bb#606060&#8243; icon_color=\u00bb#e09900&#8243; _builder_version=\u00bb3.25.1&#8243; closed_title_font=\u00bb||||||||\u00bb hover_enabled=\u00bb0&#8243; border_radii=\u00bbon|8px|8px|8px|8px\u00bb sticky_enabled=\u00bb0&#8243;]<\/p>\n<p>Somos una empresa que presta servicios generales, infraestructurales y log\u00edsticos, que van desde la elaboraci\u00f3n de proyectos relacionados con la remodelaci\u00f3n de ambientes y fachadas, conexiones el\u00e9ctricas y de data hasta el abastecimiento de art\u00edculos de construcci\u00f3n, limpieza y \u00fatiles de oficina, a empresas y hogares a nivel nacional; compuesto por un equipo t\u00e9cnico especializado y garantizado en los servicios que ofrecemos, basados en la puntualidad, responsabilidad y honestidad.<\/p>\n<p>[\/et_pb_toggle][et_pb_toggle title=\u00bbVISI\u00d3N\u00bb closed_toggle_text_color=\u00bb#ffffff\u00bb closed_toggle_background_color=\u00bb#606060&#8243; icon_color=\u00bb#e09900&#8243; _builder_version=\u00bb3.25.1&#8243; closed_title_font=\u00bb||||||||\u00bb border_radii=\u00bbon|8px|8px|8px|8px\u00bb]<\/p>\n<p>Ser reconocidos como uno de los mejores socios log\u00edstico estrat\u00e9gico con altos est\u00e1ndares de servicio y calidad de bienes.<\/p>\n<p>[\/et_pb_toggle][et_pb_toggle title=\u00bbVALORES\u00bb closed_toggle_text_color=\u00bb#ffffff\u00bb closed_toggle_background_color=\u00bb#606060&#8243; icon_color=\u00bb#e09900&#8243; _builder_version=\u00bb3.25.1&#8243; closed_title_font=\u00bb||||||||\u00bb border_radii=\u00bbon|8px|8px|8px|8px\u00bb]<\/p>\n<ul>\n<li>Puntualidad y compromiso al momento de realizar los trabajos que se requieren.<\/li>\n<li>Responsabilidad con nuestros clientes internos y externos con el fin de siempre cumplir nuestros compromisos.<\/li>\n<li>Honestidad en nuestro esfuerzo para entregar un trabajo de calidad.<\/li>\n<\/ul>\n<p>[\/et_pb_toggle][et_pb_divider divider_weight=\u00bb59px\u00bb _builder_version=\u00bb3.25.1&#8243; transform_scale=\u00bb132%|132%\u00bb transform_translate=\u00bb-30px|38px\u00bb transform_rotate=\u00bb0deg|0deg|270deg\u00bb transform_origin=\u00bb-28%|-178%\u00bb width=\u00bb88%\u00bb module_alignment=\u00bbleft\u00bb][\/et_pb_divider][\/et_pb_column][et_pb_column type=\u00bb1_2&#8243; _builder_version=\u00bb3.25.1&#8243;][et_pb_image src=\u00bbhttps:\/\/www.corinversac.com\/wp-content\/uploads\/2019\/06\/nosotros3.jpg\u00bb _builder_version=\u00bb3.25.1&#8243; hover_enabled=\u00bb0&#8243; sticky_enabled=\u00bb0&#8243;][\/et_pb_image][\/et_pb_column][\/et_pb_row][et_pb_row column_structure=\u00bb1_2,1_2&#8243; use_custom_gutter=\u00bbon\u00bb _builder_version=\u00bb3.25.1&#8243; width=\u00bb100%\u00bb max_width=\u00bb1157px\u00bb custom_margin=\u00bb|204px|-9px|100px||\u00bb custom_padding=\u00bb||81px|2px||\u00bb animation_style=\u00bbflip\u00bb][et_pb_column type=\u00bb1_2&#8243; _builder_version=\u00bb3.25.1&#8243;][et_pb_text _builder_version=\u00bb3.27.4&#8243; custom_margin=\u00bb-35px||23px|28px||\u00bb custom_padding=\u00bb5px|||13px||\u00bb]<\/p>\n<h1><b>DESARROLLO DE PROYECTOS<\/b><\/h1>\n<p>[\/et_pb_text][et_pb_counters _builder_version=\u00bb4.9.4&#8243; title_font=\u00bb||||||||\u00bb title_font_size=\u00bb15px\u00bb percent_font=\u00bb||||||||\u00bb width=\u00bb100%\u00bb custom_margin=\u00bb|||-78px||\u00bb hover_enabled=\u00bb0&#8243; sticky_enabled=\u00bb0&#8243;][et_pb_counter percent=\u00bb98&#8243; bar_background_color=\u00bb#88ea00&#8243; _builder_version=\u00bb4.9.4&#8243; title_font=\u00bb|700|||||||\u00bb title_font_size=\u00bb15px\u00bb percent_font=\u00bb||||||||\u00bb hover_enabled=\u00bb0&#8243; background_enable_color_default=\u00bbon\u00bb parallax_default=\u00bboff\u00bb parallax_method_default=\u00bbon\u00bb bar_background_color_default=\u00bb#e09900&#8243; use_percentages=\u00bbon\u00bb allow_player_pause_default=\u00bboff\u00bb sticky_enabled=\u00bb0&#8243;]SERVICIOS DE REMODELACI\u00d3N[\/et_pb_counter][et_pb_counter percent=\u00bb95&#8243; _builder_version=\u00bb4.9.4&#8243; _module_preset=\u00bbdefault\u00bb background_enable_color_default=\u00bbon\u00bb parallax_default=\u00bboff\u00bb parallax_method_default=\u00bbon\u00bb bar_background_color_default=\u00bb#e09900&#8243; use_percentages=\u00bbon\u00bb allow_player_pause_default=\u00bboff\u00bb bar_background_color=\u00bb#b8c40d\u00bb hover_enabled=\u00bb0&#8243; sticky_enabled=\u00bb0&#8243;]<\/p>\n<p>OBRAS CIVILES<\/p>\n<p>[\/et_pb_counter][et_pb_counter percent=\u00bb90&#8243; bar_background_color=\u00bb#ead300&#8243; _builder_version=\u00bb4.9.4&#8243; title_font=\u00bb|700|||||||\u00bb hover_enabled=\u00bb0&#8243; background_enable_color_default=\u00bbon\u00bb parallax_default=\u00bboff\u00bb parallax_method_default=\u00bbon\u00bb bar_background_color_default=\u00bb#e09900&#8243; use_percentages=\u00bbon\u00bb allow_player_pause_default=\u00bboff\u00bb sticky_enabled=\u00bb0&#8243;]CONEXIONES EL\u00c9CTRICAS[\/et_pb_counter][et_pb_counter percent=\u00bb90&#8243; _builder_version=\u00bb4.9.4&#8243; _module_preset=\u00bbdefault\u00bb background_enable_color_default=\u00bbon\u00bb parallax_default=\u00bboff\u00bb parallax_method_default=\u00bbon\u00bb bar_background_color_default=\u00bb#e09900&#8243; use_percentages=\u00bbon\u00bb allow_player_pause_default=\u00bboff\u00bb bar_background_color=\u00bb#e87000&#8243; hover_enabled=\u00bb0&#8243; sticky_enabled=\u00bb0&#8243;]<\/p>\n<p>SISTEMA DE SEGURIDAD, DATA Y CCTV<\/p>\n<p>[\/et_pb_counter][et_pb_counter percent=\u00bb85&#8243; _builder_version=\u00bb4.9.4&#8243; _module_preset=\u00bbdefault\u00bb background_enable_color_default=\u00bbon\u00bb parallax_default=\u00bboff\u00bb parallax_method_default=\u00bbon\u00bb bar_background_color_default=\u00bb#e09900&#8243; use_percentages=\u00bbon\u00bb allow_player_pause_default=\u00bboff\u00bb bar_background_color=\u00bb#848484&#8243; hover_enabled=\u00bb0&#8243; sticky_enabled=\u00bb0&#8243;]<\/p>\n<p>ESTRUCTURAS MET\u00c1LICAS<\/p>\n<p>[\/et_pb_counter][et_pb_counter percent=\u00bb75&#8243; bar_background_color=\u00bb#01567a\u00bb _builder_version=\u00bb4.9.4&#8243; title_font=\u00bb|700|||||||\u00bb hover_enabled=\u00bb0&#8243; background_enable_color_default=\u00bbon\u00bb parallax_default=\u00bboff\u00bb parallax_method_default=\u00bbon\u00bb bar_background_color_default=\u00bb#e09900&#8243; use_percentages=\u00bbon\u00bb allow_player_pause_default=\u00bboff\u00bb sticky_enabled=\u00bb0&#8243;]ABASTECIMIENTO LOG\u00cdSTICO[\/et_pb_counter][\/et_pb_counters][\/et_pb_column][et_pb_column type=\u00bb1_2&#8243; _builder_version=\u00bb3.25.1&#8243;][et_pb_image src=\u00bbhttps:\/\/www.corinversac.com\/wp-content\/uploads\/2019\/06\/ingenieros-1-min.png\u00bb _builder_version=\u00bb3.25.1&#8243; transform_scale=\u00bb126%|126%\u00bb transform_rotate=\u00bb2deg|183deg|1deg\u00bb width=\u00bb100%\u00bb custom_margin=\u00bb5px||-27px|10px||\u00bb custom_padding=\u00bb|40px|0px|0px||\u00bb][\/et_pb_image][\/et_pb_column][\/et_pb_row][\/et_pb_section]<\/p>\n","protected":false},"excerpt":{"rendered":"<p>QUIENES SOMOSNUESTRA HISTORIACorinversac naci\u00f3 bajo el nombre de Corporaci\u00f3n Expo Muebles &amp; Decoraciones S.A.C el 20 agosto de 2010 bajo un enfoque de empresa familiar y de capital peruano cuya actividad principal era la administraci\u00f3n de centros comerciales dedicados a la venta de muebles en Santa Clara y San Juan de Lurigancho. En el 2014 [&hellip;]<\/p>\n","protected":false},"author":1,"featured_media":0,"parent":0,"menu_order":0,"comment_status":"closed","ping_status":"closed","template":"","meta":{"_et_pb_use_builder":"on","_et_pb_old_content":"","_et_gb_content_width":""},"_links":{"self":[{"href":"https:\/\/www.corinversac.com\/index.php?rest_route=\/wp\/v2\/pages\/168"}],"collection":[{"href":"https:\/\/www.corinversac.com\/index.php?rest_route=\/wp\/v2\/pages"}],"about":[{"href":"https:\/\/www.corinversac.com\/index.php?rest_route=\/wp\/v2\/types\/page"}],"author":[{"embeddable":true,"href":"https:\/\/www.corinversac.com\/index.php?rest_route=\/wp\/v2\/users\/1"}],"replies":[{"embeddable":true,"href":"https:\/\/www.corinversac.com\/index.php?rest_route=%2Fwp%2Fv2%2Fcomments&post=168"}],"version-history":[{"count":39,"href":"https:\/\/www.corinversac.com\/index.php?rest_route=\/wp\/v2\/pages\/168\/revisions"}],"predecessor-version":[{"id":650,"href":"https:\/\/www.corinversac.com\/index.php?rest_route=\/wp\/v2\/pages\/168\/revisions\/650"}],"wp:attachment":[{"href":"https:\/\/www.corinversac.com\/index.php?rest_route=%2Fwp%2Fv2%2Fmedia&parent=168"}],"curies":[{"name":"wp","href":"https:\/\/api.w.org\/{rel}","templated":true}]}}