{"id":297,"date":"2019-06-23T19:15:44","date_gmt":"2019-06-23T19:15:44","guid":{"rendered":"https:\/\/www.corinversac.com\/?page_id=297"},"modified":"2019-07-25T22:47:19","modified_gmt":"2019-07-25T22:47:19","slug":"abastecimiento-logistico","status":"publish","type":"page","link":"https:\/\/www.corinversac.com\/?page_id=297","title":{"rendered":"Abastecimiento Log\u00edstico"},"content":{"rendered":"<p>[et_pb_section fb_built=\u00bb1&#8243; next_background_color=\u00bb#ffffff\u00bb _builder_version=\u00bb3.25.1&#8243; background_image=\u00bbhttps:\/\/www.corinversac.com\/wp-content\/uploads\/2019\/06\/quienes-somosfondo.jpg\u00bb parallax=\u00bbon\u00bb parallax_method=\u00bboff\u00bb custom_margin=\u00bb4px||\u00bb custom_padding=\u00bb0px||113px|||\u00bb bottom_divider_style=\u00bbslant2&#8243; bottom_divider_height=\u00bb49px\u00bb][et_pb_row column_structure=\u00bb1_5,3_5,1_5&#8243; use_custom_gutter=\u00bbon\u00bb gutter_width=\u00bb1&#8243; custom_padding=\u00bb113px|||||\u00bb _builder_version=\u00bb3.25.1&#8243; width=\u00bb100%\u00bb max_width=\u00bb1738px\u00bb][et_pb_column type=\u00bb1_5&#8243; _builder_version=\u00bb3.25.1&#8243;][\/et_pb_column][et_pb_column type=\u00bb3_5&#8243; _builder_version=\u00bb3.25.1&#8243;][et_pb_text _builder_version=\u00bb3.25.1&#8243; text_font=\u00bbDosis||||||||\u00bb text_font_size=\u00bb27px\u00bb custom_padding=\u00bb|||19px||\u00bb]<\/p>\n<h1><span style=\"color: #ffffff; font-size: 45px; font-weight: bold;\">ABASTECIMIENTO Y SERVICIO LOG\u00cdSTICO<\/span><\/h1>\n<p>[\/et_pb_text][\/et_pb_column][et_pb_column type=\u00bb1_5&#8243; _builder_version=\u00bb3.25.1&#8243;][\/et_pb_column][\/et_pb_row][\/et_pb_section][et_pb_section fb_built=\u00bb1&#8243; _builder_version=\u00bb3.25.1&#8243; custom_padding=\u00bb0px|||||\u00bb bottom_divider_style=\u00bbwaves\u00bb bottom_divider_color=\u00bb#333333&#8243; bottom_divider_height=\u00bb34px\u00bb][et_pb_row column_structure=\u00bb3_4,1_4&#8243; custom_padding=\u00bb7px|||||\u00bb _builder_version=\u00bb3.25.1&#8243;][et_pb_column type=\u00bb3_4&#8243; _builder_version=\u00bb3.25.1&#8243;][et_pb_gallery gallery_ids=\u00bb302,303,304,305&#8243; fullwidth=\u00bbon\u00bb _builder_version=\u00bb3.25.1&#8243; pagination_font=\u00bbDosis||||||||\u00bb pagination_text_color=\u00bb#ffffff\u00bb custom_margin=\u00bb23px|||||\u00bb][\/et_pb_gallery][et_pb_text _builder_version=\u00bb3.25.1&#8243;]<\/p>\n<p><span style=\"font-size: large;\"><strong><span style=\"color: #e09900;\">Brindamos los siguientes servicios profesionales:<\/span><\/strong><\/span><\/p>\n<p><span style=\"font-size: large;\"><strong><span style=\"color: #e09900;\"><\/span><\/strong><\/span><\/p>\n<ul>\n<li>Abastecimiento de materiales para el uso el\u00e9ctrico.<\/li>\n<li>Abastecimiento de materiales para el uso de la pintura.<\/li>\n<li>Abastecimiento de materiales para la construcci\u00f3n (alba\u00f1iler\u00eda, gasfiter\u00eda y carpinter\u00eda).<\/li>\n<li>Abastecimiento de materiales e insumos de limpieza.<\/li>\n<li>Abastecimiento de materiales para la oficina.<\/li>\n<li>Abastecimiento de muebles y art\u00edculos de oficina.<\/li>\n<li>Inventariado y control de almacenes.<\/li>\n<li>Embalaje de bienes.<\/li>\n<li>Administraci\u00f3n y custodia de documentos.<\/li>\n<\/ul>\n<p>[\/et_pb_text][\/et_pb_column][et_pb_column type=\u00bb1_4&#8243; _builder_version=\u00bb3.25.1&#8243;][et_pb_sidebar area=\u00bbet_pb_widget_area_1&#8243; _builder_version=\u00bb3.25.1&#8243; header_font=\u00bb|600|||||||\u00bb header_text_color=\u00bb#e09900&#8243; header_font_size=\u00bb33px\u00bb body_font=\u00bbDosis|500|||||||\u00bb body_font_size=\u00bb17px\u00bb border_color_right=\u00bbrgba(0,0,0,0)\u00bb custom_padding=\u00bb10px|||0px||\u00bb][\/et_pb_sidebar][et_pb_divider divider_weight=\u00bb39px\u00bb disabled_on=\u00bbon|on|off\u00bb _builder_version=\u00bb3.25.1&#8243; transform_scale=\u00bb251%|251%\u00bb transform_translate=\u00bb130px|-367px\u00bb transform_rotate=\u00bb1deg|0deg|270deg\u00bb transform_origin=\u00bb123%|15%\u00bb min_height=\u00bb1017px\u00bb height=\u00bb100px\u00bb max_height=\u00bb1057px\u00bb custom_margin=\u00bb||-700px\u00bb][\/et_pb_divider][\/et_pb_column][\/et_pb_row][\/et_pb_section]<\/p>\n","protected":false},"excerpt":{"rendered":"<p>ABASTECIMIENTO Y SERVICIO LOG\u00cdSTICOBrindamos los siguientes servicios profesionales: Abastecimiento de materiales para el uso el\u00e9ctrico. Abastecimiento de materiales para el uso de la pintura. Abastecimiento de materiales para la construcci\u00f3n (alba\u00f1iler\u00eda, gasfiter\u00eda y carpinter\u00eda). Abastecimiento de materiales e insumos de limpieza. Abastecimiento de materiales para la oficina. Abastecimiento de muebles y art\u00edculos de oficina. Inventariado [&hellip;]<\/p>\n","protected":false},"author":1,"featured_media":0,"parent":0,"menu_order":0,"comment_status":"closed","ping_status":"closed","template":"","meta":{"_et_pb_use_builder":"on","_et_pb_old_content":"","_et_gb_content_width":""},"_links":{"self":[{"href":"https:\/\/www.corinversac.com\/index.php?rest_route=\/wp\/v2\/pages\/297"}],"collection":[{"href":"https:\/\/www.corinversac.com\/index.php?rest_route=\/wp\/v2\/pages"}],"about":[{"href":"https:\/\/www.corinversac.com\/index.php?rest_route=\/wp\/v2\/types\/page"}],"author":[{"embeddable":true,"href":"https:\/\/www.corinversac.com\/index.php?rest_route=\/wp\/v2\/users\/1"}],"replies":[{"embeddable":true,"href":"https:\/\/www.corinversac.com\/index.php?rest_route=%2Fwp%2Fv2%2Fcomments&post=297"}],"version-history":[{"count":9,"href":"https:\/\/www.corinversac.com\/index.php?rest_route=\/wp\/v2\/pages\/297\/revisions"}],"predecessor-version":[{"id":475,"href":"https:\/\/www.corinversac.com\/index.php?rest_route=\/wp\/v2\/pages\/297\/revisions\/475"}],"wp:attachment":[{"href":"https:\/\/www.corinversac.com\/index.php?rest_route=%2Fwp%2Fv2%2Fmedia&parent=297"}],"curies":[{"name":"wp","href":"https:\/\/api.w.org\/{rel}","templated":true}]}}