{"id":389,"date":"2019-06-24T12:54:49","date_gmt":"2019-06-24T12:54:49","guid":{"rendered":"https:\/\/www.corinversac.com\/?page_id=389"},"modified":"2021-06-07T23:55:39","modified_gmt":"2021-06-07T23:55:39","slug":"proyectos","status":"publish","type":"page","link":"https:\/\/www.corinversac.com\/?page_id=389","title":{"rendered":"Proyectos"},"content":{"rendered":"<p>[et_pb_section fb_built=\u00bb1&#8243; admin_label=\u00bbProyecto1&#8243; _builder_version=\u00bb4.9.4&#8243; background_color=\u00bb#ffc000&#8243; custom_padding=\u00bb100px||||false|false\u00bb collapsed=\u00bboff\u00bb][et_pb_row column_structure=\u00bb1_4,1_2,1_4&#8243; _builder_version=\u00bb3.25.1&#8243; custom_margin=\u00bb0px|auto||auto||\u00bb collapsed=\u00bbon\u00bb][et_pb_column type=\u00bb1_4&#8243; _builder_version=\u00bb3.25.1&#8243;][\/et_pb_column][et_pb_column type=\u00bb1_2&#8243; _builder_version=\u00bb3.25.1&#8243;][et_pb_text _builder_version=\u00bb4.9.4&#8243; text_text_color=\u00bb#000000&#8243; header_2_font=\u00bb|800|||||||\u00bb header_2_font_size=\u00bb35px\u00bb]<\/p>\n<h2><span style=\"color: #ffffff;\">CL\u00cdNICA AVENDA\u00d1O<\/span><\/h2>\n<ul>\n<li><strong>FECHA:<\/strong>\u00a0Enero &#8211; Marzo 2020<\/li>\n<li><strong>OBRA: CONSTRUCCI\u00d3N DE FARMACIA PRINCIPAL<\/strong><\/li>\n<li>Instalaci\u00f3n e implementaci\u00f3n de zonas (farmacia principal y recepci\u00f3n) en Sistema Drywall, cielo raso de baldosa, enchapado de porcelanato y vin\u00edlico y empastado y pintura.<\/li>\n<li>Instalaci\u00f3n de paneles LED y puntos de RED.<\/li>\n<li>Instalaci\u00f3n de puertas vaiv\u00e9n.<\/li>\n<\/ul>\n<p>[\/et_pb_text][\/et_pb_column][et_pb_column type=\u00bb1_4&#8243; _builder_version=\u00bb3.25.1&#8243;][\/et_pb_column][\/et_pb_row][et_pb_row column_structure=\u00bb1_2,1_2&#8243; _builder_version=\u00bb4.4.8&#8243; collapsed=\u00bbon\u00bb][et_pb_column type=\u00bb1_2&#8243; _builder_version=\u00bb4.4.8&#8243;][et_pb_image src=\u00bbhttps:\/\/www.corinversac.com\/wp-content\/uploads\/2021\/06\/WhatsApp-Image-2021-06-07-at-17.16.51.jpeg\u00bb _builder_version=\u00bb4.4.8&#8243; width=\u00bb64%\u00bb][\/et_pb_image][\/et_pb_column][et_pb_column type=\u00bb1_2&#8243; _builder_version=\u00bb4.4.8&#8243;][et_pb_image src=\u00bbhttps:\/\/www.corinversac.com\/wp-content\/uploads\/2021\/06\/DESPU\u00c9S-scaled.jpg\u00bb _builder_version=\u00bb4.9.4&#8243; width=\u00bb100%\u00bb max_width=\u00bb100%\u00bb][\/et_pb_image][\/et_pb_column][\/et_pb_row][\/et_pb_section][et_pb_section fb_built=\u00bb1&#8243; admin_label=\u00bbProyecto2&#8243; _builder_version=\u00bb3.25.1&#8243; collapsed=\u00bboff\u00bb][et_pb_row column_structure=\u00bb1_4,1_2,1_4&#8243; _builder_version=\u00bb3.25.1&#8243; width=\u00bb87.5%\u00bb collapsed=\u00bbon\u00bb][et_pb_column type=\u00bb1_4&#8243; _builder_version=\u00bb3.25.1&#8243;][\/et_pb_column][et_pb_column type=\u00bb1_2&#8243; _builder_version=\u00bb3.25.1&#8243;][et_pb_text _builder_version=\u00bb4.9.4&#8243; header_2_font=\u00bb|800|||||||\u00bb header_2_font_size=\u00bb28px\u00bb]<\/p>\n<h2>LABORATORIOS FARMACEUTICOS MARKOS S.A.<br \/> <span style=\"font-size: large;\"><strong><\/strong><\/span><\/h2>\n<ul>\n<li><strong>Fecha:<\/strong>\u00a0Enero 2019<\/li>\n<li><strong>Trabajo:<\/strong>\u00a0\u00a0 Instalaci\u00f3n de sensores contra incendios (de humo y de temperatura) de la marca Bosh, con un sistema direccionable. El servicio incluy\u00f3 cableado y entubado.<\/li>\n<\/ul>\n<p>[\/et_pb_text][et_pb_gallery gallery_ids=\u00bb492,498,496,497&#8243; orientation=\u00bbportrait\u00bb _builder_version=\u00bb4.9.4&#8243; _module_preset=\u00bbdefault\u00bb width=\u00bb68%\u00bb max_width=\u00bb100%\u00bb module_alignment=\u00bbcenter\u00bb custom_margin=\u00bb|10px||||\u00bb animation_style=\u00bbfade\u00bb hover_enabled=\u00bb0&#8243; show_title_and_caption=\u00bboff\u00bb show_pagination=\u00bboff\u00bb sticky_enabled=\u00bb0&#8243;][\/et_pb_gallery][\/et_pb_column][et_pb_column type=\u00bb1_4&#8243; _builder_version=\u00bb3.25.1&#8243;][\/et_pb_column][\/et_pb_row][\/et_pb_section][et_pb_section fb_built=\u00bb1&#8243; admin_label=\u00bbProyecto3&#8243; _builder_version=\u00bb4.9.4&#8243; background_color=\u00bb#ffc000&#8243; custom_margin=\u00bb||-80px|||\u00bb collapsed=\u00bboff\u00bb][et_pb_row column_structure=\u00bb1_3,1_3,1_3&#8243; _builder_version=\u00bb3.25.1&#8243; collapsed=\u00bbon\u00bb][et_pb_column type=\u00bb1_3&#8243; _builder_version=\u00bb3.25.1&#8243;][\/et_pb_column][et_pb_column type=\u00bb1_3&#8243; _builder_version=\u00bb3.25.1&#8243;][et_pb_text _builder_version=\u00bb3.27.4&#8243; header_2_font=\u00bb|800|||||||\u00bb header_2_font_size=\u00bb28px\u00bb]<\/p>\n<p><span style=\"font-size: large;\"><strong>IMPERIO CLUB HOSPEDAJE S.A.C<\/strong><\/span><\/p>\n<p><span style=\"font-size: large;\"><strong><\/strong><\/span><\/p>\n<ul>\n<li><strong>Fecha:<\/strong>\u00a0febrero &#8211; Marzo 2019<\/li>\n<li><strong>Trabajo:<\/strong>\n<ul>\n<li>Empastado y pintado de fachada e interiores del inmueble. Cableado de electricidad en el ambiente de discoteca. Instalaci\u00f3n de tomacorrientes y luminarias. Trabajos en DRYWALL.<\/li>\n<\/ul>\n<\/li>\n<\/ul>\n<p>[\/et_pb_text][et_pb_gallery gallery_ids=\u00bb410,411,412,413&#8243; orientation=\u00bbportrait\u00bb show_title_and_caption=\u00bboff\u00bb _builder_version=\u00bb3.25.1&#8243; custom_margin=\u00bb||39px|||\u00bb hover_enabled=\u00bb0&#8243; sticky_enabled=\u00bb0&#8243;][\/et_pb_gallery][\/et_pb_column][et_pb_column type=\u00bb1_3&#8243; _builder_version=\u00bb3.25.1&#8243;][\/et_pb_column][\/et_pb_row][\/et_pb_section][et_pb_section fb_built=\u00bb1&#8243; admin_label=\u00bbProyecto4&#8243; _builder_version=\u00bb3.25.1&#8243; background_color=\u00bb#efefef\u00bb min_height=\u00bb741px\u00bb custom_padding=\u00bb167px|||||\u00bb collapsed=\u00bbon\u00bb][et_pb_row column_structure=\u00bb1_2,1_2&#8243; _builder_version=\u00bb3.25.1&#8243; custom_margin=\u00bb0px|auto||auto||\u00bb collapsed=\u00bbon\u00bb][et_pb_column type=\u00bb1_2&#8243; _builder_version=\u00bb3.25.1&#8243;][et_pb_text _builder_version=\u00bb3.27.4&#8243;]<\/p>\n<p><span style=\"font-size: large;\"><strong>CENTRO COMERCIAL EXPO MUEBLES SANTA CLARA<\/strong><\/span><\/p>\n<p><span style=\"font-size: large;\"><strong><\/strong><\/span><\/p>\n<ul>\n<li><strong>Fecha:<\/strong> octubre \u2013 diciembre 2018<\/li>\n<li><strong>Trabajo:<\/strong>\n<ul>\n<li>Instalaci\u00f3n de luminarias y cableado y reflectores.<\/li>\n<li>Instalaci\u00f3n de oficinas en sistema DRYWALL con colocaci\u00f3n de puertas y enchapados.<\/li>\n<\/ul>\n<\/li>\n<\/ul>\n<p>[\/et_pb_text][\/et_pb_column][et_pb_column type=\u00bb1_2&#8243; _builder_version=\u00bb3.25.1&#8243;][et_pb_gallery gallery_ids=\u00bb394,395,404&#8243; orientation=\u00bbportrait\u00bb show_title_and_caption=\u00bboff\u00bb _builder_version=\u00bb3.25.1&#8243;][\/et_pb_gallery][\/et_pb_column][\/et_pb_row][\/et_pb_section]<\/p>\n","protected":false},"excerpt":{"rendered":"<p>CL\u00cdNICA AVENDA\u00d1O FECHA:\u00a0Enero &#8211; Marzo 2020 OBRA: CONSTRUCCI\u00d3N DE FARMACIA PRINCIPAL Instalaci\u00f3n e implementaci\u00f3n de zonas (farmacia principal y recepci\u00f3n) en Sistema Drywall, cielo raso de baldosa, enchapado de porcelanato y vin\u00edlico y empastado y pintura. Instalaci\u00f3n de paneles LED y puntos de RED. Instalaci\u00f3n de puertas vaiv\u00e9n. LABORATORIOS FARMACEUTICOS MARKOS S.A. Fecha:\u00a0Enero 2019 Trabajo:\u00a0\u00a0 [&hellip;]<\/p>\n","protected":false},"author":1,"featured_media":0,"parent":0,"menu_order":0,"comment_status":"closed","ping_status":"closed","template":"","meta":{"_et_pb_use_builder":"on","_et_pb_old_content":"","_et_gb_content_width":""},"_links":{"self":[{"href":"https:\/\/www.corinversac.com\/index.php?rest_route=\/wp\/v2\/pages\/389"}],"collection":[{"href":"https:\/\/www.corinversac.com\/index.php?rest_route=\/wp\/v2\/pages"}],"about":[{"href":"https:\/\/www.corinversac.com\/index.php?rest_route=\/wp\/v2\/types\/page"}],"author":[{"embeddable":true,"href":"https:\/\/www.corinversac.com\/index.php?rest_route=\/wp\/v2\/users\/1"}],"replies":[{"embeddable":true,"href":"https:\/\/www.corinversac.com\/index.php?rest_route=%2Fwp%2Fv2%2Fcomments&post=389"}],"version-history":[{"count":19,"href":"https:\/\/www.corinversac.com\/index.php?rest_route=\/wp\/v2\/pages\/389\/revisions"}],"predecessor-version":[{"id":535,"href":"https:\/\/www.corinversac.com\/index.php?rest_route=\/wp\/v2\/pages\/389\/revisions\/535"}],"wp:attachment":[{"href":"https:\/\/www.corinversac.com\/index.php?rest_route=%2Fwp%2Fv2%2Fmedia&parent=389"}],"curies":[{"name":"wp","href":"https:\/\/api.w.org\/{rel}","templated":true}]}}