{"id":61,"date":"2021-06-10T21:04:07","date_gmt":"2021-06-10T21:04:07","guid":{"rendered":"https:\/\/www.corinversac.com\/?page_id=61"},"modified":"2021-06-11T14:48:05","modified_gmt":"2021-06-11T14:48:05","slug":"sistema-de-seguridad-data-y-cct","status":"publish","type":"page","link":"https:\/\/www.corinversac.com\/?page_id=61","title":{"rendered":"SISTEMA DE SEGURIDAD DATA Y CCTV"},"content":{"rendered":"<p>[et_pb_section fb_built=\u00bb1&#8243; next_background_color=\u00bb#ffffff\u00bb _builder_version=\u00bb3.25.1&#8243; background_image=\u00bbhttps:\/\/www.corinversac.com\/wp-content\/uploads\/2019\/06\/quienes-somosfondo.jpg\u00bb parallax=\u00bbon\u00bb parallax_method=\u00bboff\u00bb custom_margin=\u00bb4px||\u00bb custom_padding=\u00bb0px||113px|||\u00bb bottom_divider_style=\u00bbslant2&#8243; bottom_divider_height=\u00bb49px\u00bb][et_pb_row column_structure=\u00bb1_5,3_5,1_5&#8243; use_custom_gutter=\u00bbon\u00bb gutter_width=\u00bb1&#8243; _builder_version=\u00bb3.25.1&#8243; width=\u00bb100%\u00bb max_width=\u00bb1738px\u00bb custom_padding=\u00bb113px|||||\u00bb][et_pb_column type=\u00bb1_5&#8243; _builder_version=\u00bb3.25.1&#8243;][\/et_pb_column][et_pb_column type=\u00bb3_5&#8243; _builder_version=\u00bb3.25.1&#8243;][et_pb_text _builder_version=\u00bb3.27.4&#8243; text_font=\u00bbDosis||||||||\u00bb text_font_size=\u00bb27px\u00bb custom_padding=\u00bb|||19px||\u00bb]<\/p>\n<h1><span style=\"color: #ffffff; font-size: 45px; font-weight: bold;\">SISTEMA DE SEGURIDAD, DATA Y CCTV<\/span><\/h1>\n<p>[\/et_pb_text][\/et_pb_column][et_pb_column type=\u00bb1_5&#8243; _builder_version=\u00bb3.25.1&#8243;][\/et_pb_column][\/et_pb_row][\/et_pb_section][et_pb_section fb_built=\u00bb1&#8243; _builder_version=\u00bb3.25.1&#8243; custom_padding=\u00bb0px|||||\u00bb bottom_divider_style=\u00bbwaves\u00bb bottom_divider_color=\u00bb#333333&#8243; bottom_divider_height=\u00bb34px\u00bb][et_pb_row column_structure=\u00bb1_3,1_3,1_3&#8243; _builder_version=\u00bb4.9.4&#8243; width=\u00bb100%\u00bb max_width=\u00bb2560px\u00bb custom_padding=\u00bb7px|||||\u00bb][et_pb_column type=\u00bb1_3&#8243; _builder_version=\u00bb3.25.1&#8243;][et_pb_gallery _builder_version=\u00bb4.9.4&#8243; _module_preset=\u00bbdefault\u00bb gallery_ids=\u00bb594&#8243; orientation=\u00bbportrait\u00bb hover_enabled=\u00bb0&#8243; sticky_enabled=\u00bb0&#8243;][\/et_pb_gallery][\/et_pb_column][et_pb_column type=\u00bb1_3&#8243; _builder_version=\u00bb4.9.4&#8243; _module_preset=\u00bbdefault\u00bb][et_pb_text _builder_version=\u00bb4.9.4&#8243; _module_preset=\u00bbdefault\u00bb text_text_color=\u00bb#E09900&#8243; text_font_size=\u00bb7px\u00bb text_line_height=\u00bb1.2em\u00bb header_2_text_color=\u00bb#f4c600&#8243; header_2_font_size=\u00bb28px\u00bb locked=\u00bboff\u00bb]<\/p>\n<h2><strong>SISTEMA DE SEGURIDAD, DATA Y CCTV:<\/strong><\/h2>\n<p><strong><\/strong><\/p>\n<p><strong><\/strong><\/p>\n<p><strong><\/strong><\/p>\n<ul>\n<li>\n<h5>Instalaci\u00f3n y mantenimiento de c\u00e1maras de seguridad an\u00e1logas e IP.<\/h5>\n<\/li>\n<li>\n<h5>Instalaci\u00f3n de puntos de red.<\/h5>\n<\/li>\n<li>\n<h5>Alarmas de seguridad.<\/h5>\n<\/li>\n<li>\n<h5>Sistema de detecci\u00f3n contra incendio.<\/h5>\n<\/li>\n<li>\n<h5>Cableado estructurado<\/h5>\n<\/li>\n<\/ul>\n<p>[\/et_pb_text][\/et_pb_column][et_pb_column type=\u00bb1_3&#8243; _builder_version=\u00bb3.25.1&#8243;][et_pb_sidebar orientation=\u00bbright\u00bb area=\u00bbet_pb_widget_area_1&#8243; disabled_on=\u00bboff|off|off\u00bb _builder_version=\u00bb3.25.1&#8243; header_font=\u00bbABeeZee||||||||\u00bb header_text_color=\u00bb#f4c600&#8243; header_font_size=\u00bb25px\u00bb body_font=\u00bb|600|||||||\u00bb body_text_color=\u00bb#8F8F8F\u00bb body_font_size=\u00bb16px\u00bb background_color=\u00bbRGBA(0,0,0,0)\u00bb text_orientation=\u00bbleft\u00bb width=\u00bb78%\u00bb max_width=\u00bb84%\u00bb module_alignment=\u00bbcenter\u00bb custom_padding=\u00bb|113px||||\u00bb border_radii=\u00bboff||||\u00bb border_style_all=\u00bbnone\u00bb border_color_right=\u00bbrgba(0,0,0,0)\u00bb][\/et_pb_sidebar][\/et_pb_column][\/et_pb_row][\/et_pb_section]<\/p>\n","protected":false},"excerpt":{"rendered":"<p>SISTEMA DE SEGURIDAD, DATA Y CCTVSISTEMA DE SEGURIDAD, DATA Y CCTV: Instalaci\u00f3n y mantenimiento de c\u00e1maras de seguridad an\u00e1logas e IP. Instalaci\u00f3n de puntos de red. Alarmas de seguridad. Sistema de detecci\u00f3n contra incendio. Cableado estructurado<\/p>\n","protected":false},"author":1,"featured_media":0,"parent":0,"menu_order":0,"comment_status":"closed","ping_status":"closed","template":"","meta":{"_et_pb_use_builder":"on","_et_pb_old_content":"","_et_gb_content_width":""},"_links":{"self":[{"href":"https:\/\/www.corinversac.com\/index.php?rest_route=\/wp\/v2\/pages\/61"}],"collection":[{"href":"https:\/\/www.corinversac.com\/index.php?rest_route=\/wp\/v2\/pages"}],"about":[{"href":"https:\/\/www.corinversac.com\/index.php?rest_route=\/wp\/v2\/types\/page"}],"author":[{"embeddable":true,"href":"https:\/\/www.corinversac.com\/index.php?rest_route=\/wp\/v2\/users\/1"}],"replies":[{"embeddable":true,"href":"https:\/\/www.corinversac.com\/index.php?rest_route=%2Fwp%2Fv2%2Fcomments&post=61"}],"version-history":[{"count":9,"href":"https:\/\/www.corinversac.com\/index.php?rest_route=\/wp\/v2\/pages\/61\/revisions"}],"predecessor-version":[{"id":596,"href":"https:\/\/www.corinversac.com\/index.php?rest_route=\/wp\/v2\/pages\/61\/revisions\/596"}],"wp:attachment":[{"href":"https:\/\/www.corinversac.com\/index.php?rest_route=%2Fwp%2Fv2%2Fmedia&parent=61"}],"curies":[{"name":"wp","href":"https:\/\/api.w.org\/{rel}","templated":true}]}}